{"id":38,"date":"2016-03-14T12:54:11","date_gmt":"2016-03-14T12:54:11","guid":{"rendered":"http:\/\/localhost:8888\/breiddalsvik\/?page_id=38"},"modified":"2025-06-18T05:29:16","modified_gmt":"2025-06-18T05:29:16","slug":"the-old-general-store","status":"publish","type":"page","link":"https:\/\/breiddalsvik.is\/en\/the-old-general-store\/","title":{"rendered":"The Old General Store"},"content":{"rendered":"<div class=\"wpb-content-wrapper\"><p>[vc_row css=&#8221;.vc_custom_1458558363716{margin-bottom: 0px !important;}&#8221; el_class=&#8221;kaupfjelagid&#8221;][vc_column][vc_column_text woodmart_inline=&#8221;no&#8221; text_larger=&#8221;no&#8221;]<img loading=\"lazy\" decoding=\"async\" class=\"size-medium wp-image-177 aligncenter\" src=\"https:\/\/breiddalsvik.is\/wp-content\/uploads\/2016\/03\/kaupfjelagid-300x169.png\" alt=\"kaupfjelagid\" width=\"300\" height=\"169\" \/><\/p>\n<h3 style=\"text-align: center;\">THE OLD GENERAL STORE<\/h3>\n<h1 style=\"text-align: center;\">Kaupfjelagi\u00f0<\/h1>\n<p>[\/vc_column_text][\/vc_column][\/vc_row][vc_row css=&#8221;.vc_custom_1458558363716{margin-bottom: 0px !important;}&#8221; el_class=&#8221;kaupfjelagid&#8221;][vc_column]\t\t\t<link rel=\"stylesheet\" id=\"wd-text-block-css\" href=\"https:\/\/breiddalsvik.is\/wp-content\/themes\/woodmart\/css\/parts\/el-text-block.min.css?ver=7.3.4\" type=\"text\/css\" media=\"all\" \/> \t\t\t\t\t<div id=\"wd-624db4f2603e1\" class=\"wd-text-block wd-wpb reset-last-child wd-rs-624db4f2603e1 text-center wd-width-enabled color-scheme-dark wd-fontsize-l \" style=\"--wd-max-width: 70%;\">\n\t\t\t<p>Visiting The Old General Store (Kaupfj\u00e9lagi\u00f0) in Brei\u00f0dalsv\u00edk is like taking a trip back in time. Our charming shop and caf\u00e9 has been meeting the needs of locals and visitors for over 60 years. Built in 1956, the interior features original d\u00e9cor of quaint wooden shelves and some of the original products from the 50\u2019s and 60\u2019s still on display. Located in walking distance from Hotel Brei\u00f0dalsv\u00edk, it\u2019s a great place to stop in for a cup of coffee and freshly baked cakes or shop for local merchandise and celebrate an old-time General Store and the simpler days gone by.<\/p>\n\t\t<\/div>\n\t\t[\/vc_column][\/vc_row][vc_row full_width=&#8221;stretch_row&#8221; type=&#8221;vc_default&#8221;][vc_column]\t\t\t<link rel=\"stylesheet\" id=\"wd-photoswipe-css\" href=\"https:\/\/breiddalsvik.is\/wp-content\/themes\/woodmart\/css\/parts\/lib-photoswipe.min.css?ver=7.3.4\" type=\"text\/css\" media=\"all\" \/> \t\t\t\t\t\t<link rel=\"stylesheet\" id=\"wd-image-gallery-css\" href=\"https:\/\/breiddalsvik.is\/wp-content\/themes\/woodmart\/css\/parts\/el-gallery.min.css?ver=7.3.4\" type=\"text\/css\" media=\"all\" \/> \t\t\t\t\t<div id=\"gallery_457\" class=\"wd-images-gallery wd-rs-623b4eaebbae6 wd-justify-center wd-items-middle view-masonry photoswipe-images\" >\n\t\t\t<div class=\"gallery-images row wd-spacing-20\">\n\t\t\t\t\t\t\t\t\t\t\t\t\t\t\t<div class=\"wd-gallery-item col-lg-4 col-md-4 col-sm-6 col-6\">\n\t\t\t\t\t\t\t\t\t\t\t\t\t\t<a href=\"https:\/\/breiddalsvik.is\/wp-content\/uploads\/2022\/03\/kaupfjelagid-hus.jpg\" data-elementor-open-lightbox=\"no\" data-index=\"1\" data-width=\"1280\" data-height=\"720\"  >\n\t\t\t\t\t\t\t\t\n\t\t\t\t\t\t\t\t<img loading=\"lazy\" decoding=\"async\" width=\"1280\" height=\"720\" src=\"https:\/\/breiddalsvik.is\/wp-content\/uploads\/2022\/03\/kaupfjelagid-hus.jpg\" class=\"wd-gallery-image image-1\" alt=\"\" srcset=\"https:\/\/breiddalsvik.is\/wp-content\/uploads\/2022\/03\/kaupfjelagid-hus.jpg 1280w, https:\/\/breiddalsvik.is\/wp-content\/uploads\/2022\/03\/kaupfjelagid-hus-430x242.jpg 430w, https:\/\/breiddalsvik.is\/wp-content\/uploads\/2022\/03\/kaupfjelagid-hus-150x84.jpg 150w, https:\/\/breiddalsvik.is\/wp-content\/uploads\/2022\/03\/kaupfjelagid-hus-700x394.jpg 700w, https:\/\/breiddalsvik.is\/wp-content\/uploads\/2022\/03\/kaupfjelagid-hus-400x225.jpg 400w, https:\/\/breiddalsvik.is\/wp-content\/uploads\/2022\/03\/kaupfjelagid-hus-768x432.jpg 768w, https:\/\/breiddalsvik.is\/wp-content\/uploads\/2022\/03\/kaupfjelagid-hus-860x484.jpg 860w\" sizes=\"auto, (max-width: 1280px) 100vw, 1280px\" \/>\n\t\t\t\t\t\t\t\t\t\t\t\t\t\t\t<\/a>\n\t\t\t\t\t\t\t\t\t\t\t\t<\/div>\n\t\t\t\t\t\t\t\t\t\t\t<div class=\"wd-gallery-item col-lg-4 col-md-4 col-sm-6 col-6\">\n\t\t\t\t\t\t\t\t\t\t\t\t\t\t<a href=\"https:\/\/breiddalsvik.is\/wp-content\/uploads\/2022\/03\/DSC06310.jpg\" data-elementor-open-lightbox=\"no\" data-index=\"2\" data-width=\"1280\" data-height=\"720\"  >\n\t\t\t\t\t\t\t\t\n\t\t\t\t\t\t\t\t<img loading=\"lazy\" decoding=\"async\" width=\"1280\" height=\"720\" src=\"https:\/\/breiddalsvik.is\/wp-content\/uploads\/2022\/03\/DSC06310.jpg\" class=\"wd-gallery-image image-2\" alt=\"\" srcset=\"https:\/\/breiddalsvik.is\/wp-content\/uploads\/2022\/03\/DSC06310.jpg 1280w, https:\/\/breiddalsvik.is\/wp-content\/uploads\/2022\/03\/DSC06310-430x242.jpg 430w, https:\/\/breiddalsvik.is\/wp-content\/uploads\/2022\/03\/DSC06310-150x84.jpg 150w, https:\/\/breiddalsvik.is\/wp-content\/uploads\/2022\/03\/DSC06310-700x394.jpg 700w, https:\/\/breiddalsvik.is\/wp-content\/uploads\/2022\/03\/DSC06310-400x225.jpg 400w, https:\/\/breiddalsvik.is\/wp-content\/uploads\/2022\/03\/DSC06310-768x432.jpg 768w, https:\/\/breiddalsvik.is\/wp-content\/uploads\/2022\/03\/DSC06310-860x484.jpg 860w\" sizes=\"auto, (max-width: 1280px) 100vw, 1280px\" \/>\n\t\t\t\t\t\t\t\t\t\t\t\t\t\t\t<\/a>\n\t\t\t\t\t\t\t\t\t\t\t\t<\/div>\n\t\t\t\t\t\t\t\t\t\t\t<div class=\"wd-gallery-item col-lg-4 col-md-4 col-sm-6 col-6\">\n\t\t\t\t\t\t\t\t\t\t\t\t\t\t<a href=\"https:\/\/breiddalsvik.is\/wp-content\/uploads\/2022\/03\/DSC06309.jpg\" data-elementor-open-lightbox=\"no\" data-index=\"3\" data-width=\"1280\" data-height=\"720\"  >\n\t\t\t\t\t\t\t\t\n\t\t\t\t\t\t\t\t<img loading=\"lazy\" decoding=\"async\" width=\"1280\" height=\"720\" src=\"https:\/\/breiddalsvik.is\/wp-content\/uploads\/2022\/03\/DSC06309.jpg\" class=\"wd-gallery-image image-3\" alt=\"\" srcset=\"https:\/\/breiddalsvik.is\/wp-content\/uploads\/2022\/03\/DSC06309.jpg 1280w, https:\/\/breiddalsvik.is\/wp-content\/uploads\/2022\/03\/DSC06309-430x242.jpg 430w, https:\/\/breiddalsvik.is\/wp-content\/uploads\/2022\/03\/DSC06309-150x84.jpg 150w, https:\/\/breiddalsvik.is\/wp-content\/uploads\/2022\/03\/DSC06309-700x394.jpg 700w, https:\/\/breiddalsvik.is\/wp-content\/uploads\/2022\/03\/DSC06309-400x225.jpg 400w, https:\/\/breiddalsvik.is\/wp-content\/uploads\/2022\/03\/DSC06309-768x432.jpg 768w, https:\/\/breiddalsvik.is\/wp-content\/uploads\/2022\/03\/DSC06309-860x484.jpg 860w\" sizes=\"auto, (max-width: 1280px) 100vw, 1280px\" \/>\n\t\t\t\t\t\t\t\t\t\t\t\t\t\t\t<\/a>\n\t\t\t\t\t\t\t\t\t\t\t\t<\/div>\n\t\t\t\t\t\t\t\t\t\t\t<div class=\"wd-gallery-item col-lg-4 col-md-4 col-sm-6 col-6\">\n\t\t\t\t\t\t\t\t\t\t\t\t\t\t<a href=\"https:\/\/breiddalsvik.is\/wp-content\/uploads\/2022\/03\/DSC06307.jpg\" data-elementor-open-lightbox=\"no\" data-index=\"4\" data-width=\"1280\" data-height=\"720\"  >\n\t\t\t\t\t\t\t\t\n\t\t\t\t\t\t\t\t<img loading=\"lazy\" decoding=\"async\" width=\"1280\" height=\"720\" src=\"https:\/\/breiddalsvik.is\/wp-content\/uploads\/2022\/03\/DSC06307.jpg\" class=\"wd-gallery-image image-4\" alt=\"\" srcset=\"https:\/\/breiddalsvik.is\/wp-content\/uploads\/2022\/03\/DSC06307.jpg 1280w, https:\/\/breiddalsvik.is\/wp-content\/uploads\/2022\/03\/DSC06307-430x242.jpg 430w, https:\/\/breiddalsvik.is\/wp-content\/uploads\/2022\/03\/DSC06307-150x84.jpg 150w, https:\/\/breiddalsvik.is\/wp-content\/uploads\/2022\/03\/DSC06307-700x394.jpg 700w, https:\/\/breiddalsvik.is\/wp-content\/uploads\/2022\/03\/DSC06307-400x225.jpg 400w, https:\/\/breiddalsvik.is\/wp-content\/uploads\/2022\/03\/DSC06307-768x432.jpg 768w, https:\/\/breiddalsvik.is\/wp-content\/uploads\/2022\/03\/DSC06307-860x484.jpg 860w\" sizes=\"auto, (max-width: 1280px) 100vw, 1280px\" \/>\n\t\t\t\t\t\t\t\t\t\t\t\t\t\t\t<\/a>\n\t\t\t\t\t\t\t\t\t\t\t\t<\/div>\n\t\t\t\t\t\t\t\t\t\t\t<div class=\"wd-gallery-item col-lg-4 col-md-4 col-sm-6 col-6\">\n\t\t\t\t\t\t\t\t\t\t\t\t\t\t<a href=\"https:\/\/breiddalsvik.is\/wp-content\/uploads\/2022\/03\/DSC06303.jpg\" data-elementor-open-lightbox=\"no\" data-index=\"5\" data-width=\"1280\" data-height=\"720\"  >\n\t\t\t\t\t\t\t\t\n\t\t\t\t\t\t\t\t<img loading=\"lazy\" decoding=\"async\" width=\"1280\" height=\"720\" src=\"https:\/\/breiddalsvik.is\/wp-content\/uploads\/2022\/03\/DSC06303.jpg\" class=\"wd-gallery-image image-5\" alt=\"\" srcset=\"https:\/\/breiddalsvik.is\/wp-content\/uploads\/2022\/03\/DSC06303.jpg 1280w, https:\/\/breiddalsvik.is\/wp-content\/uploads\/2022\/03\/DSC06303-430x242.jpg 430w, https:\/\/breiddalsvik.is\/wp-content\/uploads\/2022\/03\/DSC06303-150x84.jpg 150w, https:\/\/breiddalsvik.is\/wp-content\/uploads\/2022\/03\/DSC06303-700x394.jpg 700w, https:\/\/breiddalsvik.is\/wp-content\/uploads\/2022\/03\/DSC06303-400x225.jpg 400w, https:\/\/breiddalsvik.is\/wp-content\/uploads\/2022\/03\/DSC06303-768x432.jpg 768w, https:\/\/breiddalsvik.is\/wp-content\/uploads\/2022\/03\/DSC06303-860x484.jpg 860w\" sizes=\"auto, (max-width: 1280px) 100vw, 1280px\" \/>\n\t\t\t\t\t\t\t\t\t\t\t\t\t\t\t<\/a>\n\t\t\t\t\t\t\t\t\t\t\t\t<\/div>\n\t\t\t\t\t\t\t\t\t\t\t<div class=\"wd-gallery-item col-lg-4 col-md-4 col-sm-6 col-6\">\n\t\t\t\t\t\t\t\t\t\t\t\t\t\t<a href=\"https:\/\/breiddalsvik.is\/wp-content\/uploads\/2022\/03\/DSC06306.jpg\" data-elementor-open-lightbox=\"no\" data-index=\"6\" data-width=\"1280\" data-height=\"720\"  >\n\t\t\t\t\t\t\t\t\n\t\t\t\t\t\t\t\t<img loading=\"lazy\" decoding=\"async\" width=\"1280\" height=\"720\" src=\"https:\/\/breiddalsvik.is\/wp-content\/uploads\/2022\/03\/DSC06306.jpg\" class=\"wd-gallery-image image-6\" alt=\"\" srcset=\"https:\/\/breiddalsvik.is\/wp-content\/uploads\/2022\/03\/DSC06306.jpg 1280w, https:\/\/breiddalsvik.is\/wp-content\/uploads\/2022\/03\/DSC06306-430x242.jpg 430w, https:\/\/breiddalsvik.is\/wp-content\/uploads\/2022\/03\/DSC06306-150x84.jpg 150w, https:\/\/breiddalsvik.is\/wp-content\/uploads\/2022\/03\/DSC06306-700x394.jpg 700w, https:\/\/breiddalsvik.is\/wp-content\/uploads\/2022\/03\/DSC06306-400x225.jpg 400w, https:\/\/breiddalsvik.is\/wp-content\/uploads\/2022\/03\/DSC06306-768x432.jpg 768w, https:\/\/breiddalsvik.is\/wp-content\/uploads\/2022\/03\/DSC06306-860x484.jpg 860w\" sizes=\"auto, (max-width: 1280px) 100vw, 1280px\" \/>\n\t\t\t\t\t\t\t\t\t\t\t\t\t\t\t<\/a>\n\t\t\t\t\t\t\t\t\t\t\t\t<\/div>\n\t\t\t\t\t\t\t\t\t\t\t\t<\/div>\n\t\t<\/div>\n\t\t\t\t[\/vc_column][\/vc_row]<\/p>\n<\/div>","protected":false},"excerpt":{"rendered":"<p>[vc_row css=&#8221;.vc_custom_1458558363716{margin-bottom: 0px !important;}&#8221; el_class=&#8221;kaupfjelagid&#8221;][vc_column][vc_column_text woodmart_inline=&#8221;no&#8221; text_larger=&#8221;no&#8221;] THE OLD GENERAL STORE Kaupfjelagi\u00f0 [\/vc_column_text][\/vc_column][\/vc_row][vc_row css=&#8221;.vc_custom_1458558363716{margin-bottom: 0px !important;}&#8221; el_class=&#8221;kaupfjelagid&#8221;][vc_column][\/vc_column][\/vc_row][vc_row full_width=&#8221;stretch_row&#8221; type=&#8221;vc_default&#8221;][vc_column][\/vc_column][\/vc_row]<\/p>\n","protected":false},"author":2,"featured_media":0,"parent":0,"menu_order":0,"comment_status":"closed","ping_status":"closed","template":"","meta":{"footnotes":""},"class_list":["post-38","page","type-page","status-publish","hentry"],"yoast_head":"<!-- This site is optimized with the Yoast SEO plugin v23.7 - https:\/\/yoast.com\/wordpress\/plugins\/seo\/ -->\n<title>The Old General Store - Brei\u00f0dalsv\u00edk<\/title>\n<meta name=\"robots\" content=\"index, follow, max-snippet:-1, max-image-preview:large, max-video-preview:-1\" \/>\n<link rel=\"canonical\" href=\"https:\/\/breiddalsvik.is\/en\/the-old-general-store\/\" \/>\n<meta property=\"og:locale\" content=\"en_US\" \/>\n<meta property=\"og:type\" content=\"article\" \/>\n<meta property=\"og:title\" content=\"The Old General Store - Brei\u00f0dalsv\u00edk\" \/>\n<meta property=\"og:description\" content=\"[vc_row css=&#8221;.vc_custom_1458558363716{margin-bottom: 0px !important;}&#8221; el_class=&#8221;kaupfjelagid&#8221;][vc_column][vc_column_text woodmart_inline=&#8221;no&#8221; text_larger=&#8221;no&#8221;] THE OLD GENERAL STORE Kaupfjelagi\u00f0 [\/vc_column_text][\/vc_column][\/vc_row][vc_row css=&#8221;.vc_custom_1458558363716{margin-bottom: 0px !important;}&#8221; el_class=&#8221;kaupfjelagid&#8221;][vc_column][\/vc_column][\/vc_row][vc_row full_width=&#8221;stretch_row&#8221; type=&#8221;vc_default&#8221;][vc_column][\/vc_column][\/vc_row]\" \/>\n<meta property=\"og:url\" content=\"https:\/\/breiddalsvik.is\/en\/the-old-general-store\/\" \/>\n<meta property=\"og:site_name\" content=\"Brei\u00f0dalsv\u00edk\" \/>\n<meta property=\"article:publisher\" content=\"https:\/\/www.facebook.com\/hotelblafell\/\" \/>\n<meta property=\"article:modified_time\" content=\"2025-06-18T05:29:16+00:00\" \/>\n<meta name=\"twitter:card\" content=\"summary_large_image\" \/>\n<meta name=\"twitter:label1\" content=\"Est. reading time\" \/>\n\t<meta name=\"twitter:data1\" content=\"1 minute\" \/>\n<script type=\"application\/ld+json\" class=\"yoast-schema-graph\">{\"@context\":\"https:\/\/schema.org\",\"@graph\":[{\"@type\":\"WebPage\",\"@id\":\"https:\/\/breiddalsvik.is\/en\/the-old-general-store\/\",\"url\":\"https:\/\/breiddalsvik.is\/en\/the-old-general-store\/\",\"name\":\"The Old General Store - Brei\u00f0dalsv\u00edk\",\"isPartOf\":{\"@id\":\"https:\/\/breiddalsvik.is\/#website\"},\"primaryImageOfPage\":{\"@id\":\"https:\/\/breiddalsvik.is\/en\/the-old-general-store\/#primaryimage\"},\"image\":{\"@id\":\"https:\/\/breiddalsvik.is\/en\/the-old-general-store\/#primaryimage\"},\"thumbnailUrl\":\"https:\/\/breiddalsvik.is\/wp-content\/uploads\/2016\/03\/kaupfjelagid-300x169.png\",\"datePublished\":\"2016-03-14T12:54:11+00:00\",\"dateModified\":\"2025-06-18T05:29:16+00:00\",\"breadcrumb\":{\"@id\":\"https:\/\/breiddalsvik.is\/en\/the-old-general-store\/#breadcrumb\"},\"inLanguage\":\"en-US\",\"potentialAction\":[{\"@type\":\"ReadAction\",\"target\":[\"https:\/\/breiddalsvik.is\/en\/the-old-general-store\/\"]}]},{\"@type\":\"ImageObject\",\"inLanguage\":\"en-US\",\"@id\":\"https:\/\/breiddalsvik.is\/en\/the-old-general-store\/#primaryimage\",\"url\":\"https:\/\/breiddalsvik.is\/wp-content\/uploads\/2016\/03\/kaupfjelagid-300x169.png\",\"contentUrl\":\"https:\/\/breiddalsvik.is\/wp-content\/uploads\/2016\/03\/kaupfjelagid-300x169.png\"},{\"@type\":\"BreadcrumbList\",\"@id\":\"https:\/\/breiddalsvik.is\/en\/the-old-general-store\/#breadcrumb\",\"itemListElement\":[{\"@type\":\"ListItem\",\"position\":1,\"name\":\"Home\",\"item\":\"https:\/\/breiddalsvik.is\/en\/hotel-booking\/\"},{\"@type\":\"ListItem\",\"position\":2,\"name\":\"The Old General Store\"}]},{\"@type\":\"WebSite\",\"@id\":\"https:\/\/breiddalsvik.is\/#website\",\"url\":\"https:\/\/breiddalsvik.is\/\",\"name\":\"Brei\u00f0dalsv\u00edk\",\"description\":\"The tiny town - East Iceland\",\"publisher\":{\"@id\":\"https:\/\/breiddalsvik.is\/#organization\"},\"potentialAction\":[{\"@type\":\"SearchAction\",\"target\":{\"@type\":\"EntryPoint\",\"urlTemplate\":\"https:\/\/breiddalsvik.is\/?s={search_term_string}\"},\"query-input\":{\"@type\":\"PropertyValueSpecification\",\"valueRequired\":true,\"valueName\":\"search_term_string\"}}],\"inLanguage\":\"en-US\"},{\"@type\":\"Organization\",\"@id\":\"https:\/\/breiddalsvik.is\/#organization\",\"name\":\"Brei\u00f0dalsv\u00edk\",\"url\":\"https:\/\/breiddalsvik.is\/\",\"logo\":{\"@type\":\"ImageObject\",\"inLanguage\":\"en-US\",\"@id\":\"https:\/\/breiddalsvik.is\/#\/schema\/logo\/image\/\",\"url\":\"https:\/\/breiddalsvik.is\/wp-content\/uploads\/2022\/03\/augl-hotel-breiddalsvik-1.jpg\",\"contentUrl\":\"https:\/\/breiddalsvik.is\/wp-content\/uploads\/2022\/03\/augl-hotel-breiddalsvik-1.jpg\",\"width\":300,\"height\":300,\"caption\":\"Brei\u00f0dalsv\u00edk\"},\"image\":{\"@id\":\"https:\/\/breiddalsvik.is\/#\/schema\/logo\/image\/\"},\"sameAs\":[\"https:\/\/www.facebook.com\/hotelblafell\/\",\"https:\/\/www.instagram.com\/hotel_breiddalsvik\/\"]}]}<\/script>\n<!-- \/ Yoast SEO plugin. -->","yoast_head_json":{"title":"The Old General Store - Brei\u00f0dalsv\u00edk","robots":{"index":"index","follow":"follow","max-snippet":"max-snippet:-1","max-image-preview":"max-image-preview:large","max-video-preview":"max-video-preview:-1"},"canonical":"https:\/\/breiddalsvik.is\/en\/the-old-general-store\/","og_locale":"en_US","og_type":"article","og_title":"The Old General Store - Brei\u00f0dalsv\u00edk","og_description":"[vc_row css=&#8221;.vc_custom_1458558363716{margin-bottom: 0px !important;}&#8221; el_class=&#8221;kaupfjelagid&#8221;][vc_column][vc_column_text woodmart_inline=&#8221;no&#8221; text_larger=&#8221;no&#8221;] THE OLD GENERAL STORE Kaupfjelagi\u00f0 [\/vc_column_text][\/vc_column][\/vc_row][vc_row css=&#8221;.vc_custom_1458558363716{margin-bottom: 0px !important;}&#8221; el_class=&#8221;kaupfjelagid&#8221;][vc_column][\/vc_column][\/vc_row][vc_row full_width=&#8221;stretch_row&#8221; type=&#8221;vc_default&#8221;][vc_column][\/vc_column][\/vc_row]","og_url":"https:\/\/breiddalsvik.is\/en\/the-old-general-store\/","og_site_name":"Brei\u00f0dalsv\u00edk","article_publisher":"https:\/\/www.facebook.com\/hotelblafell\/","article_modified_time":"2025-06-18T05:29:16+00:00","twitter_card":"summary_large_image","twitter_misc":{"Est. reading time":"1 minute"},"schema":{"@context":"https:\/\/schema.org","@graph":[{"@type":"WebPage","@id":"https:\/\/breiddalsvik.is\/en\/the-old-general-store\/","url":"https:\/\/breiddalsvik.is\/en\/the-old-general-store\/","name":"The Old General Store - Brei\u00f0dalsv\u00edk","isPartOf":{"@id":"https:\/\/breiddalsvik.is\/#website"},"primaryImageOfPage":{"@id":"https:\/\/breiddalsvik.is\/en\/the-old-general-store\/#primaryimage"},"image":{"@id":"https:\/\/breiddalsvik.is\/en\/the-old-general-store\/#primaryimage"},"thumbnailUrl":"https:\/\/breiddalsvik.is\/wp-content\/uploads\/2016\/03\/kaupfjelagid-300x169.png","datePublished":"2016-03-14T12:54:11+00:00","dateModified":"2025-06-18T05:29:16+00:00","breadcrumb":{"@id":"https:\/\/breiddalsvik.is\/en\/the-old-general-store\/#breadcrumb"},"inLanguage":"en-US","potentialAction":[{"@type":"ReadAction","target":["https:\/\/breiddalsvik.is\/en\/the-old-general-store\/"]}]},{"@type":"ImageObject","inLanguage":"en-US","@id":"https:\/\/breiddalsvik.is\/en\/the-old-general-store\/#primaryimage","url":"https:\/\/breiddalsvik.is\/wp-content\/uploads\/2016\/03\/kaupfjelagid-300x169.png","contentUrl":"https:\/\/breiddalsvik.is\/wp-content\/uploads\/2016\/03\/kaupfjelagid-300x169.png"},{"@type":"BreadcrumbList","@id":"https:\/\/breiddalsvik.is\/en\/the-old-general-store\/#breadcrumb","itemListElement":[{"@type":"ListItem","position":1,"name":"Home","item":"https:\/\/breiddalsvik.is\/en\/hotel-booking\/"},{"@type":"ListItem","position":2,"name":"The Old General Store"}]},{"@type":"WebSite","@id":"https:\/\/breiddalsvik.is\/#website","url":"https:\/\/breiddalsvik.is\/","name":"Brei\u00f0dalsv\u00edk","description":"The tiny town - East Iceland","publisher":{"@id":"https:\/\/breiddalsvik.is\/#organization"},"potentialAction":[{"@type":"SearchAction","target":{"@type":"EntryPoint","urlTemplate":"https:\/\/breiddalsvik.is\/?s={search_term_string}"},"query-input":{"@type":"PropertyValueSpecification","valueRequired":true,"valueName":"search_term_string"}}],"inLanguage":"en-US"},{"@type":"Organization","@id":"https:\/\/breiddalsvik.is\/#organization","name":"Brei\u00f0dalsv\u00edk","url":"https:\/\/breiddalsvik.is\/","logo":{"@type":"ImageObject","inLanguage":"en-US","@id":"https:\/\/breiddalsvik.is\/#\/schema\/logo\/image\/","url":"https:\/\/breiddalsvik.is\/wp-content\/uploads\/2022\/03\/augl-hotel-breiddalsvik-1.jpg","contentUrl":"https:\/\/breiddalsvik.is\/wp-content\/uploads\/2022\/03\/augl-hotel-breiddalsvik-1.jpg","width":300,"height":300,"caption":"Brei\u00f0dalsv\u00edk"},"image":{"@id":"https:\/\/breiddalsvik.is\/#\/schema\/logo\/image\/"},"sameAs":["https:\/\/www.facebook.com\/hotelblafell\/","https:\/\/www.instagram.com\/hotel_breiddalsvik\/"]}]}},"_links":{"self":[{"href":"https:\/\/breiddalsvik.is\/en\/wp-json\/wp\/v2\/pages\/38","targetHints":{"allow":["GET"]}}],"collection":[{"href":"https:\/\/breiddalsvik.is\/en\/wp-json\/wp\/v2\/pages"}],"about":[{"href":"https:\/\/breiddalsvik.is\/en\/wp-json\/wp\/v2\/types\/page"}],"author":[{"embeddable":true,"href":"https:\/\/breiddalsvik.is\/en\/wp-json\/wp\/v2\/users\/2"}],"replies":[{"embeddable":true,"href":"https:\/\/breiddalsvik.is\/en\/wp-json\/wp\/v2\/comments?post=38"}],"version-history":[{"count":2,"href":"https:\/\/breiddalsvik.is\/en\/wp-json\/wp\/v2\/pages\/38\/revisions"}],"predecessor-version":[{"id":8027,"href":"https:\/\/breiddalsvik.is\/en\/wp-json\/wp\/v2\/pages\/38\/revisions\/8027"}],"wp:attachment":[{"href":"https:\/\/breiddalsvik.is\/en\/wp-json\/wp\/v2\/media?parent=38"}],"curies":[{"name":"wp","href":"https:\/\/api.w.org\/{rel}","templated":true}]}}