{"id":8536,"date":"2024-12-10T07:53:25","date_gmt":"2024-12-10T07:53:25","guid":{"rendered":"https:\/\/breiddalsvik.is\/?page_id=8536"},"modified":"2025-06-13T06:32:26","modified_gmt":"2025-06-13T06:32:26","slug":"bjalki-cabin-lodge","status":"publish","type":"page","link":"https:\/\/breiddalsvik.is\/en\/bjalki-cabin-lodge\/","title":{"rendered":"Bj\u00e1lki cabin lodge"},"content":{"rendered":"<div class=\"wpb-content-wrapper\"><p>[vc_row][vc_column][\/vc_column][\/vc_row][vc_row css=&#8221;.vc_custom_1547036121225{margin-bottom: 0px !important;}&#8221; el_class=&#8221;auroralodge&#8221;][vc_column][vc_column_text css=&#8221;&#8221; woodmart_inline=&#8221;no&#8221; text_larger=&#8221;no&#8221;]<img loading=\"lazy\" decoding=\"async\" class=\"aligncenter size-medium wp-image-788\" src=\"https:\/\/breiddalsvik.is\/wp-content\/uploads\/2019\/01\/Ho\u00cc\u0081tel-Po\u00cc\u0081st-logo-brunt-300x190.png\" alt=\"\" width=\"300\" height=\"190\" \/><\/p>\n<h1 style=\"text-align: center;\"><b>Bj\u00e1lki cabin lodge<\/b><\/h1>\n<p>[\/vc_column_text][vc_row_inner][vc_column_inner][vc_column_text css=&#8221;&#8221; woodmart_inline=&#8221;no&#8221; text_larger=&#8221;no&#8221;]<\/p>\n<p style=\"text-align: center;\">Nestled in the heart of Brei\u00f0dalur, East Iceland\u2019s breathtaking valley, Bj\u00e1lki cabin lodge offers the perfect blend of comfort, nature, and adventure. This remote and peaceful retreat invites guests to disconnect from the hustle and bustle of everyday life and reconnect with the surrounding wilderness. Whether you&#8217;re looking for a tranquil getaway or an adventure-filled stay, our lodge provides the ideal setting for both relaxation and exploration.<\/p>\n<p style=\"text-align: center;\">Bj\u00e1lki cabin lodge features 10 comfortable double or twin rooms and 1 junior suite, each with a private bathroom, ensuring privacy and comfort for all guests. The lodge is designed with cozy, communal spaces where you can relax after a day of outdoor activities. Unwind in our lodge area with plush Chesterfield sofas by the fireplace, or enjoy a book, board games, or a chess match with friends.<\/p>\n<p style=\"text-align: center;\">After a long day of exploring, soothe your muscles in our private sauna or take a dip in the jacuzzi, both offering a perfect way to wind down while taking in the serene surroundings.<\/p>\n<p style=\"text-align: center;\">For those interested in local experiences, the Beljandi Brewery is just across the street, and we can arrange private tasting tours upon request. Additionally, our team can organize massages for those looking for extra relaxation during their stay.<br \/>\nThe lodge also boasts a dining area with seating for up to 22 people, ideal for group gatherings. A fully equipped kitchen includes an oven, dishwasher, and everything you need for a self-catering experience.<\/p>\n<p style=\"text-align: center;\">For those looking for a little extra indulgence, we offer a private chef and additional services for an extra fee, allowing you to experience Icelandic cuisine prepared just for you.<\/p>\n<p style=\"text-align: center;\">By request, we can also arrange guided jeep tours to explore the rugged landscapes, or provide a yoga teacher for private sessions, helping you fully immerse in both adventure and relaxation.<\/p>\n<p style=\"text-align: center;\"><strong>Room Features<\/strong><br \/>\n<span style=\"color: #808080;\">Private bathroom with shower and bathroom amenities<\/span><br \/>\n<span style=\"color: #808080;\">Smart TV<\/span><br \/>\n<span style=\"color: #808080;\">Desk<\/span><br \/>\n<span style=\"color: #808080;\">Suitcase Rack<\/span><br \/>\n<span style=\"color: #808080;\">Free Wi-Fi<\/span><br \/>\n<span style=\"color: #808080;\">Hairdryer<\/span><br \/>\n<span style=\"color: #808080;\">Heating<\/span><br \/>\n<span style=\"color: #808080;\">Sauna and jacuzzi access<\/span><br \/>\n<span style=\"color: #808080;\">Baby cot upon request<\/span><br \/>\n<span style=\"color: #808080;\">Lodge Features<\/span><br \/>\n<span style=\"color: #808080;\">Perfect for groups, families, or small events<\/span><br \/>\n<span style=\"color: #808080;\">Lodge area with Chesterfield sofas, fireplace, board games, books, and a chess table<\/span><br \/>\n<span style=\"color: #808080;\">Fully equipped kitchen with oven and dishwasher<\/span><br \/>\n<span style=\"color: #808080;\">Dining area with seating for up to 22 people<\/span><br \/>\n<span style=\"color: #808080;\">Chef for dinner or breakfast can be arranged<\/span><br \/>\n<span style=\"color: #808080;\">Linens and tableware provided for 30 people<\/span><br \/>\n<span style=\"color: #808080;\">Private sauna and jacuzzi<\/span><br \/>\n<span style=\"color: #808080;\">Guided jeep tours and yoga teacher available upon request<\/span><br \/>\n<span style=\"color: #808080;\">Beljandi Brewery private tasting tours available<\/span><br \/>\n<span style=\"color: #808080;\">Massage services can be arranged<br \/>\n<\/span><br \/>\n<strong>Rates<\/strong><br \/>\n<span style=\"color: #808080;\">250,000 ISK per night<\/span><br \/>\n<span style=\"color: #808080;\">200,000 ISK per night for stays of two nights or more<\/span><br \/>\n<span style=\"color: #808080;\">20% increase during 20DES-6JAN and 29MAR-12APR.<\/span><br \/>\n<span style=\"color: #808080;\">Availability from 12DES-27APR.<\/span><br \/>\nWellness amenities after a long day of nature exploration, there is no better way to soothe tired, aching muscles than with a complimentary visit to our Finnish-style sauna. Experience all the beneficial effects of a therapeutic sauna in a quiet moment of wellness where you can purify the body and clear your mind from the stresses of daily life.<br \/>\nThe Lounge Visitors to Bj\u00e1lki cabin lodge can relax in the comfortable atmosphere of our sitting room featuring a wood-burning fireplace. Constructed from natural wood, the interior is reminiscent of a cozy log cabin, decked out with leather chairs perfect for sitting back and reading one of the many books from our library. Kids can entertain themselves with cards, chess, or board games, while adults can stay connected with our free wireless internet.<br \/>\nSpecial Requests Feel free to contact us if you have any special inquiries or requests \u2013 our team is here to cater to your needs and ensure your experience at our luxurious lodge exceeds all expectations.<br \/>\nWhether you&#8217;re planning a family break, a getaway with friends, or a destination for wedding guests seeking elegance, comfort, and quality, Bj\u00e1lki cabin lodge offers the perfect setting for both relaxation and adventure.<\/p>\n<p style=\"text-align: center;\"><!--more--><!--more--><\/p>\n<p>[\/vc_column_text][\/vc_column_inner][\/vc_row_inner][vc_images_carousel images=&#8221;8537,8539,8541,8543,8545,8547,8549,8551,8553,8555&#8243; img_size=&#8221;512&#215;512&#8243; slides_per_view=&#8221;2&#8243; autoplay=&#8221;yes&#8221; hide_prev_next_buttons=&#8221;yes&#8221; wrap=&#8221;yes&#8221; css_animation=&#8221;fadeIn&#8221; css=&#8221;&#8221;]<div id=\"wd-684bc5d137b21\" class=\" wd-rs-684bc5d137b21  wd-button-wrapper text-center\"><a href=\"https:\/\/property.godo.is\/booking.php?propid=252237\" title=\"\" class=\"btn btn-color-primary btn-style-default btn-style-semi-round btn-size-large\">Book Now<\/a><\/div>[vc_empty_space woodmart_hide_large=&#8221;0&#8243; woodmart_hide_medium=&#8221;0&#8243; woodmart_hide_small=&#8221;0&#8243;][\/vc_column][\/vc_row]<\/p>\n<\/div>","protected":false},"excerpt":{"rendered":"<p>[vc_row][vc_column][\/vc_column][\/vc_row][vc_row css=&#8221;.vc_custom_1547036121225{margin-bottom: 0px !important;}&#8221; el_class=&#8221;auroralodge&#8221;][vc_column][vc_column_text css=&#8221;&#8221; woodmart_inline=&#8221;no&#8221; text_larger=&#8221;no&#8221;] Bj\u00e1lki cabin lodge [\/vc_column_text][vc_row_inner][vc_column_inner][vc_column_text css=&#8221;&#8221; woodmart_inline=&#8221;no&#8221; text_larger=&#8221;no&#8221;] Nestled in the heart of<\/p>\n","protected":false},"author":2,"featured_media":0,"parent":0,"menu_order":0,"comment_status":"closed","ping_status":"closed","template":"","meta":{"footnotes":""},"class_list":["post-8536","page","type-page","status-publish","hentry"],"yoast_head":"<!-- This site is optimized with the Yoast SEO plugin v23.7 - https:\/\/yoast.com\/wordpress\/plugins\/seo\/ -->\n<title>Bj\u00e1lki cabin lodge - Brei\u00f0dalsv\u00edk<\/title>\n<meta name=\"robots\" content=\"index, follow, max-snippet:-1, max-image-preview:large, max-video-preview:-1\" \/>\n<link rel=\"canonical\" href=\"https:\/\/breiddalsvik.is\/en\/bjalki-cabin-lodge\/\" \/>\n<meta property=\"og:locale\" content=\"en_US\" \/>\n<meta property=\"og:type\" content=\"article\" \/>\n<meta property=\"og:title\" content=\"Bj\u00e1lki cabin lodge - Brei\u00f0dalsv\u00edk\" \/>\n<meta property=\"og:description\" content=\"[vc_row][vc_column][\/vc_column][\/vc_row][vc_row css=&#8221;.vc_custom_1547036121225{margin-bottom: 0px !important;}&#8221; el_class=&#8221;auroralodge&#8221;][vc_column][vc_column_text css=&#8221;&#8221; woodmart_inline=&#8221;no&#8221; text_larger=&#8221;no&#8221;] Bj\u00e1lki cabin lodge [\/vc_column_text][vc_row_inner][vc_column_inner][vc_column_text css=&#8221;&#8221; woodmart_inline=&#8221;no&#8221; text_larger=&#8221;no&#8221;] Nestled in the heart of\" \/>\n<meta property=\"og:url\" content=\"https:\/\/breiddalsvik.is\/en\/bjalki-cabin-lodge\/\" \/>\n<meta property=\"og:site_name\" content=\"Brei\u00f0dalsv\u00edk\" \/>\n<meta property=\"article:publisher\" content=\"https:\/\/www.facebook.com\/hotelblafell\/\" \/>\n<meta property=\"article:modified_time\" content=\"2025-06-13T06:32:26+00:00\" \/>\n<meta name=\"twitter:card\" content=\"summary_large_image\" \/>\n<meta name=\"twitter:label1\" content=\"Est. reading time\" \/>\n\t<meta name=\"twitter:data1\" content=\"6 minutes\" \/>\n<script type=\"application\/ld+json\" class=\"yoast-schema-graph\">{\"@context\":\"https:\/\/schema.org\",\"@graph\":[{\"@type\":\"WebPage\",\"@id\":\"https:\/\/breiddalsvik.is\/en\/bjalki-cabin-lodge\/\",\"url\":\"https:\/\/breiddalsvik.is\/en\/bjalki-cabin-lodge\/\",\"name\":\"Bj\u00e1lki cabin lodge - Brei\u00f0dalsv\u00edk\",\"isPartOf\":{\"@id\":\"https:\/\/breiddalsvik.is\/#website\"},\"datePublished\":\"2024-12-10T07:53:25+00:00\",\"dateModified\":\"2025-06-13T06:32:26+00:00\",\"breadcrumb\":{\"@id\":\"https:\/\/breiddalsvik.is\/en\/bjalki-cabin-lodge\/#breadcrumb\"},\"inLanguage\":\"en-US\",\"potentialAction\":[{\"@type\":\"ReadAction\",\"target\":[\"https:\/\/breiddalsvik.is\/en\/bjalki-cabin-lodge\/\"]}]},{\"@type\":\"BreadcrumbList\",\"@id\":\"https:\/\/breiddalsvik.is\/en\/bjalki-cabin-lodge\/#breadcrumb\",\"itemListElement\":[{\"@type\":\"ListItem\",\"position\":1,\"name\":\"Home\",\"item\":\"https:\/\/breiddalsvik.is\/en\/hotel-booking\/\"},{\"@type\":\"ListItem\",\"position\":2,\"name\":\"Bj\u00e1lki cabin lodge\"}]},{\"@type\":\"WebSite\",\"@id\":\"https:\/\/breiddalsvik.is\/#website\",\"url\":\"https:\/\/breiddalsvik.is\/\",\"name\":\"Brei\u00f0dalsv\u00edk\",\"description\":\"The tiny town - East Iceland\",\"publisher\":{\"@id\":\"https:\/\/breiddalsvik.is\/#organization\"},\"potentialAction\":[{\"@type\":\"SearchAction\",\"target\":{\"@type\":\"EntryPoint\",\"urlTemplate\":\"https:\/\/breiddalsvik.is\/?s={search_term_string}\"},\"query-input\":{\"@type\":\"PropertyValueSpecification\",\"valueRequired\":true,\"valueName\":\"search_term_string\"}}],\"inLanguage\":\"en-US\"},{\"@type\":\"Organization\",\"@id\":\"https:\/\/breiddalsvik.is\/#organization\",\"name\":\"Brei\u00f0dalsv\u00edk\",\"url\":\"https:\/\/breiddalsvik.is\/\",\"logo\":{\"@type\":\"ImageObject\",\"inLanguage\":\"en-US\",\"@id\":\"https:\/\/breiddalsvik.is\/#\/schema\/logo\/image\/\",\"url\":\"https:\/\/breiddalsvik.is\/wp-content\/uploads\/2022\/03\/augl-hotel-breiddalsvik-1.jpg\",\"contentUrl\":\"https:\/\/breiddalsvik.is\/wp-content\/uploads\/2022\/03\/augl-hotel-breiddalsvik-1.jpg\",\"width\":300,\"height\":300,\"caption\":\"Brei\u00f0dalsv\u00edk\"},\"image\":{\"@id\":\"https:\/\/breiddalsvik.is\/#\/schema\/logo\/image\/\"},\"sameAs\":[\"https:\/\/www.facebook.com\/hotelblafell\/\",\"https:\/\/www.instagram.com\/hotel_breiddalsvik\/\"]}]}<\/script>\n<!-- \/ Yoast SEO plugin. -->","yoast_head_json":{"title":"Bj\u00e1lki cabin lodge - Brei\u00f0dalsv\u00edk","robots":{"index":"index","follow":"follow","max-snippet":"max-snippet:-1","max-image-preview":"max-image-preview:large","max-video-preview":"max-video-preview:-1"},"canonical":"https:\/\/breiddalsvik.is\/en\/bjalki-cabin-lodge\/","og_locale":"en_US","og_type":"article","og_title":"Bj\u00e1lki cabin lodge - Brei\u00f0dalsv\u00edk","og_description":"[vc_row][vc_column][\/vc_column][\/vc_row][vc_row css=&#8221;.vc_custom_1547036121225{margin-bottom: 0px !important;}&#8221; el_class=&#8221;auroralodge&#8221;][vc_column][vc_column_text css=&#8221;&#8221; woodmart_inline=&#8221;no&#8221; text_larger=&#8221;no&#8221;] Bj\u00e1lki cabin lodge [\/vc_column_text][vc_row_inner][vc_column_inner][vc_column_text css=&#8221;&#8221; woodmart_inline=&#8221;no&#8221; text_larger=&#8221;no&#8221;] Nestled in the heart of","og_url":"https:\/\/breiddalsvik.is\/en\/bjalki-cabin-lodge\/","og_site_name":"Brei\u00f0dalsv\u00edk","article_publisher":"https:\/\/www.facebook.com\/hotelblafell\/","article_modified_time":"2025-06-13T06:32:26+00:00","twitter_card":"summary_large_image","twitter_misc":{"Est. reading time":"6 minutes"},"schema":{"@context":"https:\/\/schema.org","@graph":[{"@type":"WebPage","@id":"https:\/\/breiddalsvik.is\/en\/bjalki-cabin-lodge\/","url":"https:\/\/breiddalsvik.is\/en\/bjalki-cabin-lodge\/","name":"Bj\u00e1lki cabin lodge - Brei\u00f0dalsv\u00edk","isPartOf":{"@id":"https:\/\/breiddalsvik.is\/#website"},"datePublished":"2024-12-10T07:53:25+00:00","dateModified":"2025-06-13T06:32:26+00:00","breadcrumb":{"@id":"https:\/\/breiddalsvik.is\/en\/bjalki-cabin-lodge\/#breadcrumb"},"inLanguage":"en-US","potentialAction":[{"@type":"ReadAction","target":["https:\/\/breiddalsvik.is\/en\/bjalki-cabin-lodge\/"]}]},{"@type":"BreadcrumbList","@id":"https:\/\/breiddalsvik.is\/en\/bjalki-cabin-lodge\/#breadcrumb","itemListElement":[{"@type":"ListItem","position":1,"name":"Home","item":"https:\/\/breiddalsvik.is\/en\/hotel-booking\/"},{"@type":"ListItem","position":2,"name":"Bj\u00e1lki cabin lodge"}]},{"@type":"WebSite","@id":"https:\/\/breiddalsvik.is\/#website","url":"https:\/\/breiddalsvik.is\/","name":"Brei\u00f0dalsv\u00edk","description":"The tiny town - East Iceland","publisher":{"@id":"https:\/\/breiddalsvik.is\/#organization"},"potentialAction":[{"@type":"SearchAction","target":{"@type":"EntryPoint","urlTemplate":"https:\/\/breiddalsvik.is\/?s={search_term_string}"},"query-input":{"@type":"PropertyValueSpecification","valueRequired":true,"valueName":"search_term_string"}}],"inLanguage":"en-US"},{"@type":"Organization","@id":"https:\/\/breiddalsvik.is\/#organization","name":"Brei\u00f0dalsv\u00edk","url":"https:\/\/breiddalsvik.is\/","logo":{"@type":"ImageObject","inLanguage":"en-US","@id":"https:\/\/breiddalsvik.is\/#\/schema\/logo\/image\/","url":"https:\/\/breiddalsvik.is\/wp-content\/uploads\/2022\/03\/augl-hotel-breiddalsvik-1.jpg","contentUrl":"https:\/\/breiddalsvik.is\/wp-content\/uploads\/2022\/03\/augl-hotel-breiddalsvik-1.jpg","width":300,"height":300,"caption":"Brei\u00f0dalsv\u00edk"},"image":{"@id":"https:\/\/breiddalsvik.is\/#\/schema\/logo\/image\/"},"sameAs":["https:\/\/www.facebook.com\/hotelblafell\/","https:\/\/www.instagram.com\/hotel_breiddalsvik\/"]}]}},"_links":{"self":[{"href":"https:\/\/breiddalsvik.is\/en\/wp-json\/wp\/v2\/pages\/8536","targetHints":{"allow":["GET"]}}],"collection":[{"href":"https:\/\/breiddalsvik.is\/en\/wp-json\/wp\/v2\/pages"}],"about":[{"href":"https:\/\/breiddalsvik.is\/en\/wp-json\/wp\/v2\/types\/page"}],"author":[{"embeddable":true,"href":"https:\/\/breiddalsvik.is\/en\/wp-json\/wp\/v2\/users\/2"}],"replies":[{"embeddable":true,"href":"https:\/\/breiddalsvik.is\/en\/wp-json\/wp\/v2\/comments?post=8536"}],"version-history":[{"count":3,"href":"https:\/\/breiddalsvik.is\/en\/wp-json\/wp\/v2\/pages\/8536\/revisions"}],"predecessor-version":[{"id":8791,"href":"https:\/\/breiddalsvik.is\/en\/wp-json\/wp\/v2\/pages\/8536\/revisions\/8791"}],"wp:attachment":[{"href":"https:\/\/breiddalsvik.is\/en\/wp-json\/wp\/v2\/media?parent=8536"}],"curies":[{"name":"wp","href":"https:\/\/api.w.org\/{rel}","templated":true}]}}